{"id":154,"date":"2019-09-02T14:06:19","date_gmt":"2019-09-02T14:06:19","guid":{"rendered":"https:\/\/ujofotodesign.ch\/?page_id=154"},"modified":"2019-09-09T17:57:44","modified_gmt":"2019-09-09T17:57:44","slug":"about","status":"publish","type":"page","link":"https:\/\/ujofotodesign.ch\/de\/about\/","title":{"rendered":"\u00dcber mich"},"content":{"rendered":"\n<h2 class=\"wp-block-heading\">Ulrich Jousten<\/h2>\n\n\n\n<p style=\"text-align:left\">Jahrgang 1964, mit rheinischen Wurzeln und  Schweizer Pass.Schon fr\u00fch in den Klauen der Fotografie, ein paar Jahre in Ruhe gelassen. Jetzt endg\u00fcltig bilds\u00fcchtig. Begeisterungsf\u00e4hig f\u00fcr Ideen, neugierig, akribisch in der Vorbereitung, geduldig in der Umsetzung. Ohne Hektik, sich der Entstehung des Bildes hingeben. Kompromisslos an der Qualit\u00e4t feilend. Am liebsten als Fine-art Druck. Die sinnliche Haptik des Papiers. Erst das gedruckte Bild ist fertig. <\/p>\n\n\n\n<figure class=\"wp-block-image\"><img decoding=\"async\" loading=\"lazy\" width=\"1024\" height=\"683\" src=\"https:\/\/ujofotodesign.ch\/wp-content\/uploads\/2019\/09\/m5_mg_8221-2-1024x683.jpg\" alt=\"\" class=\"wp-image-273\"\/><figcaption>Der Fotograf auf dem Gipfel &#8211; Ben Hope, Schottland, Juli 2019<\/figcaption><\/figure>\n\n\n\n<p><\/p>\n","protected":false},"excerpt":{"rendered":"<p>Ulrich Jousten Jahrgang 1964, mit rheinischen Wurzeln und Schweizer Pass.Schon fr\u00fch in den Klauen der Fotografie, ein paar Jahre in Ruhe gelassen. Jetzt endg\u00fcltig bilds\u00fcchtig. Begeisterungsf\u00e4hig f\u00fcr Ideen, neugierig, akribisch in der Vorbereitung, geduldig in der Umsetzung. Ohne Hektik, sich der Entstehung des Bildes hingeben. Kompromisslos an der Qualit\u00e4t feilend. Am liebsten als Fine-art Druck. [&hellip;]<\/p>\n","protected":false},"author":1,"featured_media":0,"parent":0,"menu_order":0,"comment_status":"closed","ping_status":"closed","template":"","meta":[],"acf":[],"yoast_head":"<!-- This site is optimized with the Yoast SEO plugin v20.12 - https:\/\/yoast.com\/wordpress\/plugins\/seo\/ -->\n<title>\u00dcber mich &bull; ujofotodesign<\/title>\n<meta name=\"robots\" content=\"index, follow, max-snippet:-1, max-image-preview:large, max-video-preview:-1\" \/>\n<link rel=\"canonical\" href=\"https:\/\/ujofotodesign.ch\/de\/about\/\" \/>\n<meta property=\"og:locale\" content=\"de_DE\" \/>\n<meta property=\"og:type\" content=\"article\" \/>\n<meta property=\"og:title\" content=\"\u00dcber mich &bull; ujofotodesign\" \/>\n<meta property=\"og:description\" content=\"Ulrich Jousten Jahrgang 1964, mit rheinischen Wurzeln und Schweizer Pass.Schon fr\u00fch in den Klauen der Fotografie, ein paar Jahre in Ruhe gelassen. Jetzt endg\u00fcltig bilds\u00fcchtig. Begeisterungsf\u00e4hig f\u00fcr Ideen, neugierig, akribisch in der Vorbereitung, geduldig in der Umsetzung. Ohne Hektik, sich der Entstehung des Bildes hingeben. Kompromisslos an der Qualit\u00e4t feilend. Am liebsten als Fine-art Druck. [&hellip;]\" \/>\n<meta property=\"og:url\" content=\"https:\/\/ujofotodesign.ch\/de\/about\/\" \/>\n<meta property=\"og:site_name\" content=\"ujofotodesign\" \/>\n<meta property=\"article:modified_time\" content=\"2019-09-09T17:57:44+00:00\" \/>\n<meta property=\"og:image\" content=\"https:\/\/ujofotodesign.ch\/wp-content\/uploads\/2019\/09\/m5_mg_8221-2-1024x683.jpg\" \/>\n<meta name=\"twitter:card\" content=\"summary_large_image\" \/>\n<script type=\"application\/ld+json\" class=\"yoast-schema-graph\">{\"@context\":\"https:\/\/schema.org\",\"@graph\":[{\"@type\":\"WebPage\",\"@id\":\"https:\/\/ujofotodesign.ch\/de\/about\/\",\"url\":\"https:\/\/ujofotodesign.ch\/de\/about\/\",\"name\":\"\u00dcber mich &bull; ujofotodesign\",\"isPartOf\":{\"@id\":\"https:\/\/ujofotodesign.ch\/de\/#website\"},\"datePublished\":\"2019-09-02T14:06:19+00:00\",\"dateModified\":\"2019-09-09T17:57:44+00:00\",\"breadcrumb\":{\"@id\":\"https:\/\/ujofotodesign.ch\/de\/about\/#breadcrumb\"},\"inLanguage\":\"de-DE\",\"potentialAction\":[{\"@type\":\"ReadAction\",\"target\":[\"https:\/\/ujofotodesign.ch\/de\/about\/\"]}]},{\"@type\":\"BreadcrumbList\",\"@id\":\"https:\/\/ujofotodesign.ch\/de\/about\/#breadcrumb\",\"itemListElement\":[{\"@type\":\"ListItem\",\"position\":1,\"name\":\"Home\",\"item\":\"https:\/\/ujofotodesign.ch\/de\/\"},{\"@type\":\"ListItem\",\"position\":2,\"name\":\"\u00dcber mich\"}]},{\"@type\":\"WebSite\",\"@id\":\"https:\/\/ujofotodesign.ch\/de\/#website\",\"url\":\"https:\/\/ujofotodesign.ch\/de\/\",\"name\":\"ujofotodesign\",\"description\":\"\",\"publisher\":{\"@id\":\"https:\/\/ujofotodesign.ch\/de\/#\/schema\/person\/bece9dc9b9c82b781fbf996a923e4695\"},\"potentialAction\":[{\"@type\":\"SearchAction\",\"target\":{\"@type\":\"EntryPoint\",\"urlTemplate\":\"https:\/\/ujofotodesign.ch\/de\/?s={search_term_string}\"},\"query-input\":\"required name=search_term_string\"}],\"inLanguage\":\"de-DE\"},{\"@type\":[\"Person\",\"Organization\"],\"@id\":\"https:\/\/ujofotodesign.ch\/de\/#\/schema\/person\/bece9dc9b9c82b781fbf996a923e4695\",\"name\":\"Ulrich Jousten\",\"image\":{\"@type\":\"ImageObject\",\"inLanguage\":\"de-DE\",\"@id\":\"https:\/\/ujofotodesign.ch\/de\/#\/schema\/person\/image\/\",\"url\":\"https:\/\/ujofotodesign.ch\/wp-content\/uploads\/2019\/10\/ujofotodesign-logo.jpg\",\"contentUrl\":\"https:\/\/ujofotodesign.ch\/wp-content\/uploads\/2019\/10\/ujofotodesign-logo.jpg\",\"width\":512,\"height\":512,\"caption\":\"Ulrich Jousten\"},\"logo\":{\"@id\":\"https:\/\/ujofotodesign.ch\/de\/#\/schema\/person\/image\/\"},\"sameAs\":[\"https:\/\/ujofotodesign.ch\"]}]}<\/script>\n<!-- \/ Yoast SEO plugin. -->","yoast_head_json":{"title":"\u00dcber mich &bull; ujofotodesign","robots":{"index":"index","follow":"follow","max-snippet":"max-snippet:-1","max-image-preview":"max-image-preview:large","max-video-preview":"max-video-preview:-1"},"canonical":"https:\/\/ujofotodesign.ch\/de\/about\/","og_locale":"de_DE","og_type":"article","og_title":"\u00dcber mich &bull; ujofotodesign","og_description":"Ulrich Jousten Jahrgang 1964, mit rheinischen Wurzeln und Schweizer Pass.Schon fr\u00fch in den Klauen der Fotografie, ein paar Jahre in Ruhe gelassen. Jetzt endg\u00fcltig bilds\u00fcchtig. Begeisterungsf\u00e4hig f\u00fcr Ideen, neugierig, akribisch in der Vorbereitung, geduldig in der Umsetzung. Ohne Hektik, sich der Entstehung des Bildes hingeben. Kompromisslos an der Qualit\u00e4t feilend. Am liebsten als Fine-art Druck. [&hellip;]","og_url":"https:\/\/ujofotodesign.ch\/de\/about\/","og_site_name":"ujofotodesign","article_modified_time":"2019-09-09T17:57:44+00:00","og_image":[{"url":"https:\/\/ujofotodesign.ch\/wp-content\/uploads\/2019\/09\/m5_mg_8221-2-1024x683.jpg"}],"twitter_card":"summary_large_image","schema":{"@context":"https:\/\/schema.org","@graph":[{"@type":"WebPage","@id":"https:\/\/ujofotodesign.ch\/de\/about\/","url":"https:\/\/ujofotodesign.ch\/de\/about\/","name":"\u00dcber mich &bull; ujofotodesign","isPartOf":{"@id":"https:\/\/ujofotodesign.ch\/de\/#website"},"datePublished":"2019-09-02T14:06:19+00:00","dateModified":"2019-09-09T17:57:44+00:00","breadcrumb":{"@id":"https:\/\/ujofotodesign.ch\/de\/about\/#breadcrumb"},"inLanguage":"de-DE","potentialAction":[{"@type":"ReadAction","target":["https:\/\/ujofotodesign.ch\/de\/about\/"]}]},{"@type":"BreadcrumbList","@id":"https:\/\/ujofotodesign.ch\/de\/about\/#breadcrumb","itemListElement":[{"@type":"ListItem","position":1,"name":"Home","item":"https:\/\/ujofotodesign.ch\/de\/"},{"@type":"ListItem","position":2,"name":"\u00dcber mich"}]},{"@type":"WebSite","@id":"https:\/\/ujofotodesign.ch\/de\/#website","url":"https:\/\/ujofotodesign.ch\/de\/","name":"ujofotodesign","description":"","publisher":{"@id":"https:\/\/ujofotodesign.ch\/de\/#\/schema\/person\/bece9dc9b9c82b781fbf996a923e4695"},"potentialAction":[{"@type":"SearchAction","target":{"@type":"EntryPoint","urlTemplate":"https:\/\/ujofotodesign.ch\/de\/?s={search_term_string}"},"query-input":"required name=search_term_string"}],"inLanguage":"de-DE"},{"@type":["Person","Organization"],"@id":"https:\/\/ujofotodesign.ch\/de\/#\/schema\/person\/bece9dc9b9c82b781fbf996a923e4695","name":"Ulrich Jousten","image":{"@type":"ImageObject","inLanguage":"de-DE","@id":"https:\/\/ujofotodesign.ch\/de\/#\/schema\/person\/image\/","url":"https:\/\/ujofotodesign.ch\/wp-content\/uploads\/2019\/10\/ujofotodesign-logo.jpg","contentUrl":"https:\/\/ujofotodesign.ch\/wp-content\/uploads\/2019\/10\/ujofotodesign-logo.jpg","width":512,"height":512,"caption":"Ulrich Jousten"},"logo":{"@id":"https:\/\/ujofotodesign.ch\/de\/#\/schema\/person\/image\/"},"sameAs":["https:\/\/ujofotodesign.ch"]}]}},"_links":{"self":[{"href":"https:\/\/ujofotodesign.ch\/de\/wp-json\/wp\/v2\/pages\/154"}],"collection":[{"href":"https:\/\/ujofotodesign.ch\/de\/wp-json\/wp\/v2\/pages"}],"about":[{"href":"https:\/\/ujofotodesign.ch\/de\/wp-json\/wp\/v2\/types\/page"}],"author":[{"embeddable":true,"href":"https:\/\/ujofotodesign.ch\/de\/wp-json\/wp\/v2\/users\/1"}],"replies":[{"embeddable":true,"href":"https:\/\/ujofotodesign.ch\/de\/wp-json\/wp\/v2\/comments?post=154"}],"version-history":[{"count":8,"href":"https:\/\/ujofotodesign.ch\/de\/wp-json\/wp\/v2\/pages\/154\/revisions"}],"predecessor-version":[{"id":284,"href":"https:\/\/ujofotodesign.ch\/de\/wp-json\/wp\/v2\/pages\/154\/revisions\/284"}],"wp:attachment":[{"href":"https:\/\/ujofotodesign.ch\/de\/wp-json\/wp\/v2\/media?parent=154"}],"curies":[{"name":"wp","href":"https:\/\/api.w.org\/{rel}","templated":true}]}}